{"id":734,"date":"2026-04-16T13:09:08","date_gmt":"2026-04-16T11:09:08","guid":{"rendered":"https:\/\/aurelielefebvre.com\/?page_id=734"},"modified":"2026-04-16T13:33:51","modified_gmt":"2026-04-16T11:33:51","slug":"massage-metamorphique","status":"publish","type":"page","link":"https:\/\/aurelielefebvre.com\/index.php\/massage-metamorphique\/","title":{"rendered":"Massage m\u00e9tamorphique"},"content":{"rendered":"\n<p><\/p>\n\n\n\n<p class=\"has-text-align-center\"><em>Le massage m\u00e9tamorphique est une renaissance int\u00e9rieure<\/em>.<\/p>\n\n\n\n<p class=\"has-text-align-center\"><strong>MASSAGE M\u00c9TAMORPHIQUE <\/strong><\/p>\n\n\n\n<p class=\"has-text-align-left\">C\u2019est un soin \u00e9nerg\u00e9tique doux et profond qui agit sur les m\u00e9moires \u00e9motionnelles inscrites dans le corps, notamment celles li\u00e9es \u00e0 la p\u00e9riode pr\u00e9natale et aux grandes \u00e9tapes de vie, influen\u00e7ant nos sch\u00e9mas de fonctionnement.<\/p>\n\n\n\n<p>Par un toucher l\u00e9ger au niveau des pieds, des mains et de la t\u00eate, je viens stimuler des zones en lien avec la colonne vert\u00e9brale, l\u00e0 o\u00f9 s\u2019inscrivent ces m\u00e9moires. Ce soin invite naturellement \u00e0 rel\u00e2cher ce qui n\u2019a plus lieu d\u2019\u00eatre\u2026 sans forcer, sans revivre. C\u2019est un espace o\u00f9 le corps effectue le travail, \u00e0 son rythme, en toute s\u00e9curit\u00e9. Il accompagne un processus naturel de transformation int\u00e9rieure, sans chercher \u00e0 corriger ni analyser, mais en permettant une lib\u00e9ration douce et respectueuse.<\/p>\n\n\n\n<p class=\"has-text-align-center\"><strong>Mon approche<\/strong><\/p>\n\n\n\n<p>Dans mes accompagnements, je vous propose un espace s\u00e9curisant, sans jugement, o\u00f9 vous pouvez simplement \u00eatre. Chaque s\u00e9ance d\u00e9bute par un temps d\u2019\u00e9change (anamn\u00e8se), afin de comprendre votre \u00e9tat du moment, vos besoins et ce que vous traversez. Gr\u00e2ce \u00e0 ma sensibilit\u00e9 et \u00e0 mon approche globale, je vous accompagne dans un processus de lib\u00e9ration en douceur, en lien avec le corps et les \u00e9motions. Chaque s\u00e9ance est unique, guid\u00e9e par ce qui est juste pour vous \u00e0 ce moment-l\u00e0.<\/p>\n\n\n\n<p class=\"has-text-align-center\"><strong>D\u00e9roulement de la s\u00e9ance<\/strong>  <\/p>\n\n\n\n<p>La s\u00e9ance d\u00e9bute par un temps d&rsquo;\u00e9change pour faire le point sur vos besoins et vos ressentis, celle-ci se d\u00e9roule habill\u00e9(e) dans une atmosph\u00e8re calme et apaisante. Je viens travailler par un toucher doux au niveau des pieds, des mains et de la t\u00eate. Il n\u2019y a rien \u00e0 faire, rien \u00e0 r\u00e9ussir\u2026 simplement vous laisser porter par le moment. Certaines personnes ressentent un profond apaisement, d\u2019autres des prises de conscience ou des rel\u00e2chements \u00e9motionnels. Chaque exp\u00e9rience est diff\u00e9rente.<\/p>\n\n\n\n<p><em>Rena\u00eetre \u00e0 soi, en douceur. <\/em><\/p>\n\n\n\n<p>Pour vous reconnecter \u00e0 votre essence et accompagner le changement en douceur&#8230; <a href=\"https:\/\/aurelielefebvre.com\/index.php\/contact\/\">Contactez-moi<\/a>\u00a0<\/p>\n","protected":false},"excerpt":{"rendered":"<p>Le massage m\u00e9tamorphique est une renaissance int\u00e9rieure. MASSAGE M\u00c9TAMORPHIQUE C\u2019est un soin \u00e9nerg\u00e9tique doux et profond qui agit sur les m\u00e9moires \u00e9motionnelles inscrites dans le corps, notamment celles li\u00e9es \u00e0 la p\u00e9riode pr\u00e9natale et aux grandes \u00e9tapes de vie, influen\u00e7ant nos sch\u00e9mas de fonctionnement. Par un toucher l\u00e9ger au niveau des pieds, des mains et&hellip; <\/p>\n<p class=\"toivo-read-more\"><a href=\"https:\/\/aurelielefebvre.com\/index.php\/massage-metamorphique\/\" class=\"more-link\">Lire la suite <span class=\"screen-reader-text\">Massage m\u00e9tamorphique<\/span><\/a><\/p>\n","protected":false},"author":1,"featured_media":0,"parent":0,"menu_order":2,"comment_status":"closed","ping_status":"closed","template":"","meta":{"footnotes":""},"_links":{"self":[{"href":"https:\/\/aurelielefebvre.com\/index.php\/wp-json\/wp\/v2\/pages\/734"}],"collection":[{"href":"https:\/\/aurelielefebvre.com\/index.php\/wp-json\/wp\/v2\/pages"}],"about":[{"href":"https:\/\/aurelielefebvre.com\/index.php\/wp-json\/wp\/v2\/types\/page"}],"author":[{"embeddable":true,"href":"https:\/\/aurelielefebvre.com\/index.php\/wp-json\/wp\/v2\/users\/1"}],"replies":[{"embeddable":true,"href":"https:\/\/aurelielefebvre.com\/index.php\/wp-json\/wp\/v2\/comments?post=734"}],"version-history":[{"count":3,"href":"https:\/\/aurelielefebvre.com\/index.php\/wp-json\/wp\/v2\/pages\/734\/revisions"}],"predecessor-version":[{"id":745,"href":"https:\/\/aurelielefebvre.com\/index.php\/wp-json\/wp\/v2\/pages\/734\/revisions\/745"}],"wp:attachment":[{"href":"https:\/\/aurelielefebvre.com\/index.php\/wp-json\/wp\/v2\/media?parent=734"}],"curies":[{"name":"wp","href":"https:\/\/api.w.org\/{rel}","templated":true}]}}