{"id":654,"date":"2026-01-27T10:16:55","date_gmt":"2026-01-27T09:16:55","guid":{"rendered":"https:\/\/aurelielefebvre.com\/?page_id=654"},"modified":"2026-02-23T13:27:46","modified_gmt":"2026-02-23T12:27:46","slug":"soins-energetiques-magnetisme","status":"publish","type":"page","link":"https:\/\/aurelielefebvre.com\/index.php\/soins-energetiques-magnetisme\/","title":{"rendered":"Soins \u00e9nerg\u00e9tiques &amp; magn\u00e9tisme"},"content":{"rendered":"\n<p><\/p>\n\n\n\n<p><\/p>\n\n\n\n<p class=\"has-text-align-center\"><em>Je propose des soins \u00e9nerg\u00e9tiques bas\u00e9s sur le protocole Lahochi et le magn\u00e9tisme, visant \u00e0 r\u00e9\u00e9quilibrer l&rsquo;\u00e9nergie du corps et \u00e0 accompagner la lib\u00e9ration des blocages \u00e9motionnels, mentaux ou \u00e9nerg\u00e9tiques accumul\u00e9s au fil du temps.<\/em><\/p>\n\n\n\n<p class=\"has-text-align-center\"><strong>LAHOCHI<\/strong><\/p>\n\n\n\n<p>Le praticien, sans utiliser sa propre \u00e9nergie vitale, agit comme un canal de transmission de l\u2019\u00e9nergie du Lahochi qui, par l\u2019interm\u00e9diaire de ses mains, est dirig\u00e9e vers le corps de la personne. Le Lahochi aide \u00e0 dissoudre les blocages \u00e9nerg\u00e9tiques pouvant \u00eatre \u00e0 l&rsquo;origine de d\u00e9s\u00e9quilibres physiques, \u00e9motionnels et psychiques. Il agit de mani\u00e8re globale et subtile sur l&rsquo;ensemble des corps \u00e9nerg\u00e9tiques.<\/p>\n\n\n\n<p class=\"has-text-align-center\"><strong>MAGNETISME<\/strong><\/p>\n\n\n\n<p>Le magn\u00e9tisme repose sur une capacit\u00e9 naturelle pr\u00e9sente chez le praticien, qui consiste \u00e0 transmettre, r\u00e9\u00e9quilibrer ou harmoniser l&rsquo;\u00e9nergie vitale d&rsquo;une personne par l&rsquo;imposition des mains en agissant comme un canal. Le travail est plus cibl\u00e9 sur les zones \u00e0 harmoniser, avec une approche intuitive et personnalis\u00e9e.<\/p>\n\n\n\n<p class=\"has-text-align-center\"><strong>Mon approche <\/strong><\/p>\n\n\n\n<p>J\u2019associe le Lahochi et le magn\u00e9tisme dans une approche intuitive et personnalis\u00e9e, en tenant compte de la personne dans sa globalit\u00e9. Chaque s\u00e9ance est unique. Elle vise \u00e0 accompagner le r\u00e9\u00e9quilibrage \u00e9nerg\u00e9tique, favoriser l\u2019apaisement int\u00e9rieur et soutenir les processus naturels d\u2019harmonisation du corps et de l\u2019esprit.<\/p>\n\n\n\n<p class=\"has-text-align-center\"><strong>D\u00e9roulement de la s\u00e9ance <\/strong><\/p>\n\n\n\n<div class=\"wp-block-group\"><div class=\"wp-block-group__inner-container is-layout-constrained wp-block-group-is-layout-constrained\">\n<div class=\"wp-block-group is-vertical is-layout-flex wp-container-core-group-is-layout-1 wp-block-group-is-layout-flex\">\n<p>Le soin se fait dans un cadre bienveillant, s\u00e9curis\u00e9 et \u00e0 l&rsquo;\u00e9coute, en respectant le rythme et les besoins de chaque personne. <\/p>\n\n\n\n<p>Le rendez-vous dure 1 heure, il comprend un temps d&rsquo;\u00e9change avant la s\u00e9ance afin de d\u00e9finir les besoins et les intentions, le soin \u00e9nerg\u00e9tique adapt\u00e9 \u00e0 la personne, ainsi qu&rsquo;un temps de retour et d&rsquo;int\u00e9gration apr\u00e8s.<\/p>\n\n\n\n<p><\/p>\n\n\n\n<p>Attention : Les soins \u00e9nerg\u00e9tiques ne peuvent se substituer \u00e0 un avis ou \u00e0 un traitement m\u00e9dical.<\/p>\n<\/div>\n\n\n\n<p><\/p>\n\n\n\n<p>Int\u00e9ress\u00e9e(s) ? <a href=\"https:\/\/aurelielefebvre.com\/index.php\/contact\/\" data-type=\"page\" data-id=\"174\">Contactez-moi<\/a> !<\/p>\n<\/div><\/div>\n\n\n\n<p><\/p>\n","protected":false},"excerpt":{"rendered":"<p>Je propose des soins \u00e9nerg\u00e9tiques bas\u00e9s sur le protocole Lahochi et le magn\u00e9tisme, visant \u00e0 r\u00e9\u00e9quilibrer l&rsquo;\u00e9nergie du corps et \u00e0 accompagner la lib\u00e9ration des blocages \u00e9motionnels, mentaux ou \u00e9nerg\u00e9tiques accumul\u00e9s au fil du temps. LAHOCHI Le praticien, sans utiliser sa propre \u00e9nergie vitale, agit comme un canal de transmission de l\u2019\u00e9nergie du Lahochi qui,&hellip; <\/p>\n<p class=\"toivo-read-more\"><a href=\"https:\/\/aurelielefebvre.com\/index.php\/soins-energetiques-magnetisme\/\" class=\"more-link\">Lire la suite <span class=\"screen-reader-text\">Soins \u00e9nerg\u00e9tiques &amp; magn\u00e9tisme<\/span><\/a><\/p>\n","protected":false},"author":1,"featured_media":0,"parent":0,"menu_order":2,"comment_status":"closed","ping_status":"closed","template":"","meta":{"footnotes":""},"_links":{"self":[{"href":"https:\/\/aurelielefebvre.com\/index.php\/wp-json\/wp\/v2\/pages\/654"}],"collection":[{"href":"https:\/\/aurelielefebvre.com\/index.php\/wp-json\/wp\/v2\/pages"}],"about":[{"href":"https:\/\/aurelielefebvre.com\/index.php\/wp-json\/wp\/v2\/types\/page"}],"author":[{"embeddable":true,"href":"https:\/\/aurelielefebvre.com\/index.php\/wp-json\/wp\/v2\/users\/1"}],"replies":[{"embeddable":true,"href":"https:\/\/aurelielefebvre.com\/index.php\/wp-json\/wp\/v2\/comments?post=654"}],"version-history":[{"count":13,"href":"https:\/\/aurelielefebvre.com\/index.php\/wp-json\/wp\/v2\/pages\/654\/revisions"}],"predecessor-version":[{"id":731,"href":"https:\/\/aurelielefebvre.com\/index.php\/wp-json\/wp\/v2\/pages\/654\/revisions\/731"}],"wp:attachment":[{"href":"https:\/\/aurelielefebvre.com\/index.php\/wp-json\/wp\/v2\/media?parent=654"}],"curies":[{"name":"wp","href":"https:\/\/api.w.org\/{rel}","templated":true}]}}