{"id":486,"date":"2023-09-13T12:58:25","date_gmt":"2023-09-13T10:58:25","guid":{"rendered":"http:\/\/aurelielefebvre.com\/?page_id=486"},"modified":"2026-01-27T12:40:53","modified_gmt":"2026-01-27T11:40:53","slug":"naturopathie","status":"publish","type":"page","link":"https:\/\/aurelielefebvre.com\/index.php\/naturopathie\/","title":{"rendered":"Naturopathie"},"content":{"rendered":"\n<p class=\"has-text-align-center\"><strong>Vous vous interrogez sur votre corps et votre bien-\u00eatre?<\/strong><\/p>\n\n\n\n<ul>\n<li>Contraception hormonale longue dur\u00e9e : votre corps a-t-il besoin de se d\u00e9toxifier ? <\/li>\n\n\n\n<li>Cycles irr\u00e9guliers ou r\u00e8gles douloureuses que votre gyn\u00e9cologue ne peut soulager ?<\/li>\n\n\n\n<li>Sympt\u00f4mes inexpliqu\u00e9s malgr\u00e9 des examens m\u00e9dicaux \u00ab\u00a0normaux\u00a0\u00bb ? <\/li>\n\n\n\n<li>Difficult\u00e9 \u00e0 perdre ou prendre du poids, fatigue persistante, acn\u00e9 ou peau qui r\u00e9agit ?<\/li>\n<\/ul>\n\n\n\n<p>Je vous accompagne \u00e0 comprendre le fonctionnement de votre corps, identifier les causes de vos sympt\u00f4mes et adapter votre alimentation et votre mode de vie selon vos besoins, vos capacit\u00e9s, vos envies.<\/p>\n\n\n\n<p>Gr\u00e2ce \u00e0 des s\u00e9ances personnalis\u00e9es, vous reprenez le pouvoir sur votre corps et retrouvez \u00e9nergie, \u00e9quilibre et bien-\u00eatre.<\/p>\n\n\n\n<p><em>Informations pratiques : Pour un nouveau suivi, 3 s\u00e9ances d&rsquo;1 heure sont n\u00e9cessaires payables en une fois.<\/em><\/p>\n\n\n\n<p><em><strong>Attention : <\/strong>Je ne suis pas m\u00e9decin, si vous avez des suivis, des traitements avec des professionnels de la sant\u00e9, merci d&rsquo;en tenir compte et de les pr\u00e9venir de vos d\u00e9marches ou de demander leur accord si besoin \u00e0 ma demande.<\/em><\/p>\n\n\n\n<p><\/p>\n\n\n\n<p>Int\u00e9ress\u00e9e(s) ? <a href=\"https:\/\/aurelielefebvre.com\/index.php\/contact\/\">Contactez-moi<\/a> !<\/p>\n\n\n\n<p><\/p>\n\n\n\n<p><\/p>\n\n\n\n<p><\/p>\n","protected":false},"excerpt":{"rendered":"<p>Vous vous interrogez sur votre corps et votre bien-\u00eatre? Je vous accompagne \u00e0 comprendre le fonctionnement de votre corps, identifier les causes de vos sympt\u00f4mes et adapter votre alimentation et votre mode de vie selon vos besoins, vos capacit\u00e9s, vos envies. Gr\u00e2ce \u00e0 des s\u00e9ances personnalis\u00e9es, vous reprenez le pouvoir sur votre corps et retrouvez&hellip; <\/p>\n<p class=\"toivo-read-more\"><a href=\"https:\/\/aurelielefebvre.com\/index.php\/naturopathie\/\" class=\"more-link\">Lire la suite <span class=\"screen-reader-text\">Naturopathie<\/span><\/a><\/p>\n","protected":false},"author":1,"featured_media":0,"parent":0,"menu_order":3,"comment_status":"closed","ping_status":"closed","template":"","meta":{"footnotes":""},"_links":{"self":[{"href":"https:\/\/aurelielefebvre.com\/index.php\/wp-json\/wp\/v2\/pages\/486"}],"collection":[{"href":"https:\/\/aurelielefebvre.com\/index.php\/wp-json\/wp\/v2\/pages"}],"about":[{"href":"https:\/\/aurelielefebvre.com\/index.php\/wp-json\/wp\/v2\/types\/page"}],"author":[{"embeddable":true,"href":"https:\/\/aurelielefebvre.com\/index.php\/wp-json\/wp\/v2\/users\/1"}],"replies":[{"embeddable":true,"href":"https:\/\/aurelielefebvre.com\/index.php\/wp-json\/wp\/v2\/comments?post=486"}],"version-history":[{"count":15,"href":"https:\/\/aurelielefebvre.com\/index.php\/wp-json\/wp\/v2\/pages\/486\/revisions"}],"predecessor-version":[{"id":695,"href":"https:\/\/aurelielefebvre.com\/index.php\/wp-json\/wp\/v2\/pages\/486\/revisions\/695"}],"wp:attachment":[{"href":"https:\/\/aurelielefebvre.com\/index.php\/wp-json\/wp\/v2\/media?parent=486"}],"curies":[{"name":"wp","href":"https:\/\/api.w.org\/{rel}","templated":true}]}}