{"id":417,"date":"2018-04-10T13:01:39","date_gmt":"2018-04-10T11:01:39","guid":{"rendered":"http:\/\/aurelielefebvre.com\/?page_id=417"},"modified":"2025-04-14T11:23:49","modified_gmt":"2025-04-14T09:23:49","slug":"interessee-par-un-atelier","status":"publish","type":"page","link":"https:\/\/aurelielefebvre.com\/index.php\/interessee-par-un-atelier\/","title":{"rendered":"Int\u00e9ress\u00e9e par un atelier ?"},"content":{"rendered":"<div class=\"_4-u2 _3xaf _3-95 _4-u8\">\n<div class=\"_2qgs\">\n<div id=\"id_5acc96ff510eb2e38916959\" class=\"text_exposed_root text_exposed\">\n<div class=\"_4-u2 _3xaf _3-95 _4-u8\">\n<div class=\"_2qgs\">\n<h4 id=\"id_5acc96ff510eb2e38916959\" class=\"text_exposed_root text_exposed\" style=\"text-align: center;\"><strong>\u00ab\u00a0Conna\u00eetre sa peau et sa morphologie\u00a0\u00bb<\/strong><\/h4>\n<div class=\"text_exposed_root text_exposed\">Vous avez une peau qui se transforme, un corps qui change, vous \u00eates perdues entres ces produits de beaut\u00e9s et les v\u00eatements qui ne vous correspondent plus vraiment&#8230;<br \/>\nVous voulez juste vous cacher sous une couche de fond de teint ou des v\u00eatements larges ?<br \/>\nCet atelier est fait pour vous !<\/div>\n<div><\/div>\n<div><\/div>\n<div class=\"text_exposed_root text_exposed\"><img loading=\"lazy\" decoding=\"async\" class=\" wp-image-429 aligncenter\" src=\"https:\/\/aurelielefebvre.com\/wp-content\/uploads\/2018\/04\/relooking-conseil-image-rennes-pourquoi-300x200.jpg\" alt=\"\" width=\"344\" height=\"228\" \/><\/div>\n<div><\/div>\n<div><\/div>\n<div class=\"text_exposed_root text_exposed\">\n&#8211; Analyse et compr\u00e9hension de votre type de peau<br \/>\n&#8211; adaptation des produits de beaut\u00e9s avec proposition de produits (cr\u00e8me et soins, maquillage, naturels)<br \/>\n&#8211; Analyse de votre morphologie<br \/>\n&#8211; conseils et astuces vestimentaires pour harmoniser votre silhouette R\u00e9sultat ?<br \/>\nUn visage lumineux, avec des imperfections en moins<br \/>\nUn rituel simple et sans agression pour la peau<br \/>\nUne facilit\u00e9 d&rsquo;associer des v\u00eatements avec les coupes qu&rsquo;on\u00a0<span class=\"text_exposed_show\"><span class=\"text_exposed_show\">aime<br \/>\nLes magasins n&rsquo;auront plus aucun secret pour vous.<br \/>\nUne prise de conscience, une confiance en soi.<\/span><\/span><\/div>\n<div><\/div>\n<hr \/>\n<div><\/div>\n<h4 class=\"text_exposed_root text_exposed\" style=\"text-align: center;\"><strong style=\"color: revert; font-size: revert; text-align: center;\">\u00ab\u00a0Colorim\u00e9trie &#8211; cours de maquillage\u00a0\u00bb<\/strong><\/h4>\n<\/div>\n<\/div>\n<div class=\"_4-u2 _3xaf _3-95 _4-u8\">\n<div class=\"_2qgs\">\n<div class=\"text_exposed_root text_exposed\" style=\"text-align: center;\">\n<p style=\"text-align: left;\">Vous avez du mal \u00e0 trouver les bonnes teintes pour vous maquiller ?<br \/>\nVous avez des difficult\u00e9s \u00e0 associer les couleurs de v\u00eatements et le maquillage ?<br \/>\nVous ne parvenez pas \u00e0 trouver le bon fond de teint ?<br \/>\nVous ne savez pas si vous devez aller dans les couleurs claires, fonc\u00e9es, orang\u00e9es ou bleut\u00e9es ?<\/p>\n<p style=\"text-align: left;\">Cet atelier vous correspond !<\/p>\n<p><img loading=\"lazy\" decoding=\"async\" class=\" wp-image-430 aligncenter\" src=\"https:\/\/aurelielefebvre.com\/wp-content\/uploads\/2018\/04\/maquillaqge-729x450-300x185.jpg\" alt=\"\" width=\"323\" height=\"199\" srcset=\"https:\/\/aurelielefebvre.com\/wp-content\/uploads\/2018\/04\/maquillaqge-729x450-300x185.jpg 300w, https:\/\/aurelielefebvre.com\/wp-content\/uploads\/2018\/04\/maquillaqge-729x450.jpg 729w\" sizes=\"(max-width: 323px) 100vw, 323px\" \/><\/p>\n<p style=\"text-align: left;\">Je ferai un test de couleurs qui se fera \u00e0 base de tissus, nous \u00e9tudierons vos palettes de couleurs ensemble pour mieux vous diriger vers une saison appropri\u00e9e.<br \/>\nQue ce soit dans la couleur de vos v\u00eatements mais aussi pour les teintes en maquillage.<br \/>\nVous recevrez un cours de maquillage avec des produits naturels \u00e0 disposition pour un teint parfait.<br \/>\nVous saurez donc adapter le fond de teint en fonct<span class=\"text_exposed_show\">ion de votre peau, faire une mise en valeur de vos yeux en fonction de leurs couleurs.<\/span><\/p>\n<hr \/>\n<h4><\/h4>\n<h4 style=\"text-align: center;\"><strong>\u00ab\u00a0F\u00eate des mamans &#8211; complicit\u00e9 entre filles\u00a0\u00bb<\/strong><\/h4>\n<div class=\"_4-u2 _3xaf _3-95 _4-u8\">\n<div class=\"_2qgs\">\n<div id=\"id_5acc99b7223793686046073\" class=\"text_exposed_root text_exposed\" style=\"text-align: left;\">Une complicit\u00e9 entres filles, un moment d\u00e9tente entre vous pendant 2 heures ?<br \/>\nC&rsquo;est possible !<\/div>\n<div><\/div>\n<div><\/div>\n<div style=\"text-align: left;\"><img loading=\"lazy\" decoding=\"async\" class=\"size-medium wp-image-431 aligncenter\" src=\"https:\/\/aurelielefebvre.com\/wp-content\/uploads\/2018\/04\/Relation-mere-fille-un-poids-pour-couple_width1024-300x225.jpg\" alt=\"\" width=\"300\" height=\"225\" srcset=\"https:\/\/aurelielefebvre.com\/wp-content\/uploads\/2018\/04\/Relation-mere-fille-un-poids-pour-couple_width1024-300x225.jpg 300w, https:\/\/aurelielefebvre.com\/wp-content\/uploads\/2018\/04\/Relation-mere-fille-un-poids-pour-couple_width1024-768x576.jpg 768w, https:\/\/aurelielefebvre.com\/wp-content\/uploads\/2018\/04\/Relation-mere-fille-un-poids-pour-couple_width1024.jpg 1024w\" sizes=\"(max-width: 300px) 100vw, 300px\" \/><\/div>\n<div><\/div>\n<div><\/div>\n<div class=\"text_exposed_root text_exposed\" style=\"text-align: left;\">&#8211; Compr\u00e9hension de sa palette de couleurs et d\u00e9finition de sa saison<br \/>\n&#8211; conseils et astuces sur les couleurs en v\u00eatements, en accessoires bijoux et lunettes, et en maquillage. Vous passerez un bon moment entre m\u00e8re et filles, vous ressortirez avec des id\u00e9es pleins la t\u00eate, et en cadeau vous recevrez un nuancier de couleurs pour vos prochaines journ\u00e9es shopping&#8230;<\/div>\n<\/div>\n<\/div>\n<hr \/>\n<h4><\/h4>\n<p><strong>\u00ab\u00a0Sagesse\u00a0\u00bb\u00a0<\/strong><\/div>\n<\/div>\n<\/div>\n<\/div>\n<\/div>\n<\/div>\n<div data-testid=\"message_friends_unit\">\n<div class=\"_5-ra _4-u2 _4-u8\">\n<div class=\"_5dw9 _5dwa _4-u3\">\n<p>\u00a0\u00ab\u00a0Maquiller une peau mature et en prendre soin\u00a0\u00bb<\/p>\n<p>&#8211; Vous avez l&rsquo;impression que vos produits ne vous correspondent plus?<br \/>\n&#8211; Que votre peau s&rsquo;ass\u00e8che avec le temps ?<br \/>\n&#8211; Vous avez l&rsquo;impression que votre maquillage vous vieillit ?<br \/>\n&#8211; Vous n&rsquo;osez plus certaines couleurs ?<\/p>\n<p>Cet atelier vous propose les solutions !<\/p>\n<p><img loading=\"lazy\" decoding=\"async\" class=\"size-medium wp-image-432 aligncenter\" src=\"https:\/\/aurelielefebvre.com\/wp-content\/uploads\/2018\/04\/make-up-reife-haut-300x225.jpg\" alt=\"\" width=\"300\" height=\"225\" srcset=\"https:\/\/aurelielefebvre.com\/wp-content\/uploads\/2018\/04\/make-up-reife-haut-300x225.jpg 300w, https:\/\/aurelielefebvre.com\/wp-content\/uploads\/2018\/04\/make-up-reife-haut-768x576.jpg 768w, https:\/\/aurelielefebvre.com\/wp-content\/uploads\/2018\/04\/make-up-reife-haut-1024x768.jpg 1024w, https:\/\/aurelielefebvre.com\/wp-content\/uploads\/2018\/04\/make-up-reife-haut-1260x945.jpg 1260w, https:\/\/aurelielefebvre.com\/wp-content\/uploads\/2018\/04\/make-up-reife-haut.jpg 1640w\" sizes=\"(max-width: 300px) 100vw, 300px\" \/><\/p>\n<p>&#8211; Cibler votre type de peau et ses attentes<br \/>\n&#8211; Comment en prendre soin, en adaptant les bons produits<br \/>\n&#8211; Adapter son rituel matinal et nocturne<span class=\"text_exposed_show\"><br \/>\n&#8211; Apprendre \u00e0 se maquiller avec un teint parfait et une mise en valeur au choix, tout en restant belle et naturelle<\/span><\/p>\n<\/div>\n<div class=\"_5dw9 _5dwa _4-u3\">Les prix s&rsquo;adaptent \u00e0 la forme de l&rsquo;atelier, les r\u00e9servations et prises de rendez-vous se font uniquement au 0484605217<\/div>\n<\/div>\n<div><\/div>\n<\/div>\n","protected":false},"excerpt":{"rendered":"<p>\u00ab\u00a0Conna\u00eetre sa peau et sa morphologie\u00a0\u00bb Vous avez une peau qui se transforme, un corps qui change, vous \u00eates perdues entres ces produits de beaut\u00e9s et les v\u00eatements qui ne vous correspondent plus vraiment&#8230; Vous voulez juste vous cacher sous une couche de fond de teint ou des v\u00eatements larges ? Cet atelier est fait&hellip; <\/p>\n<p class=\"toivo-read-more\"><a href=\"https:\/\/aurelielefebvre.com\/index.php\/interessee-par-un-atelier\/\" class=\"more-link\">Lire la suite <span class=\"screen-reader-text\">Int\u00e9ress\u00e9e par un atelier ?<\/span><\/a><\/p>\n","protected":false},"author":1,"featured_media":0,"parent":0,"menu_order":7,"comment_status":"closed","ping_status":"closed","template":"","meta":{"footnotes":""},"_links":{"self":[{"href":"https:\/\/aurelielefebvre.com\/index.php\/wp-json\/wp\/v2\/pages\/417"}],"collection":[{"href":"https:\/\/aurelielefebvre.com\/index.php\/wp-json\/wp\/v2\/pages"}],"about":[{"href":"https:\/\/aurelielefebvre.com\/index.php\/wp-json\/wp\/v2\/types\/page"}],"author":[{"embeddable":true,"href":"https:\/\/aurelielefebvre.com\/index.php\/wp-json\/wp\/v2\/users\/1"}],"replies":[{"embeddable":true,"href":"https:\/\/aurelielefebvre.com\/index.php\/wp-json\/wp\/v2\/comments?post=417"}],"version-history":[{"count":21,"href":"https:\/\/aurelielefebvre.com\/index.php\/wp-json\/wp\/v2\/pages\/417\/revisions"}],"predecessor-version":[{"id":631,"href":"https:\/\/aurelielefebvre.com\/index.php\/wp-json\/wp\/v2\/pages\/417\/revisions\/631"}],"wp:attachment":[{"href":"https:\/\/aurelielefebvre.com\/index.php\/wp-json\/wp\/v2\/media?parent=417"}],"curies":[{"name":"wp","href":"https:\/\/api.w.org\/{rel}","templated":true}]}}