{"id":174,"date":"2017-10-07T16:06:39","date_gmt":"2017-10-07T14:06:39","guid":{"rendered":"http:\/\/aurelielefebvre.com\/?page_id=174"},"modified":"2026-04-16T13:28:14","modified_gmt":"2026-04-16T11:28:14","slug":"contact","status":"publish","type":"page","link":"https:\/\/aurelielefebvre.com\/index.php\/contact\/","title":{"rendered":"Contact"},"content":{"rendered":"<p style=\"text-align: left;\"><strong><span style=\"font-size: revert;\">Contact direct<\/span><\/strong><span style=\"font-size: revert; color: initial;\"> :<\/span><\/p>\n<p style=\"text-align: left;\"><span style=\"font-size: revert; color: initial;\">\ud83d\udcde Gsm : 0484605217<\/span><\/p>\n<p style=\"text-align: left;\"><span style=\"font-size: revert; color: initial;\">\ud83d\udce7 Mail : conseil.lilie@gmail.com<\/span><\/p>\n<p style=\"text-align: left;\"><span style=\"font-size: revert; color: initial;\"><strong>Horaires &amp; lieu<\/strong> :<\/span><\/p>\n<p style=\"text-align: left;\"><span style=\"font-size: revert; color: initial;\">\ud83d\udd52 Sur rendez-vous, en pr\u00e9sentiel ou en visuel selon vos besoins<\/span><\/p>\n<p style=\"text-align: left;\"><span style=\"font-size: revert; color: initial;\">\ud83c\udfe1 <strong>Adresse<\/strong> : <\/span><\/p>\n<p style=\"text-align: left;\"><span style=\"font-size: revert; color: initial;\">5020 Vedrin &#8211; 5100 Nannine (Belgique), ou \u00e0 domicile<\/span><\/p>\n<p style=\"text-align: left;\"><em><strong>Vous voulez me suivre ?<\/strong><\/em><\/p>\n<p><em><strong>Rendez-vous pour le conseil en image, beaut\u00e9 et naturopathie sur ma <a href=\"https:\/\/www.facebook.com\/conseil.lilie\/?ref=bookmarks\" target=\"_blank\" rel=\"noopener\">page facebook<\/a> ou <a href=\"https:\/\/www.instagram.com\/conseil.lilie\/\" target=\"_blank\" rel=\"noopener\">instagram\u00a0<\/a><\/strong><\/em><\/p>\n\n<div class=\"wp-block-image\">\n<figure class=\"aligncenter is-resized\"><img loading=\"lazy\" decoding=\"async\" width=\"1536\" height=\"1536\" src=\"https:\/\/aurelielefebvre.com\/wp-content\/uploads\/2026\/01\/890f7294-4956-4ae4-be6e-b257435ab727-1.jpg\" alt=\"\" class=\"wp-image-708\" style=\"width:298px;height:auto\" srcset=\"https:\/\/aurelielefebvre.com\/wp-content\/uploads\/2026\/01\/890f7294-4956-4ae4-be6e-b257435ab727-1.jpg 1536w, https:\/\/aurelielefebvre.com\/wp-content\/uploads\/2026\/01\/890f7294-4956-4ae4-be6e-b257435ab727-1-300x300.jpg 300w, https:\/\/aurelielefebvre.com\/wp-content\/uploads\/2026\/01\/890f7294-4956-4ae4-be6e-b257435ab727-1-1024x1024.jpg 1024w, https:\/\/aurelielefebvre.com\/wp-content\/uploads\/2026\/01\/890f7294-4956-4ae4-be6e-b257435ab727-1-150x150.jpg 150w, https:\/\/aurelielefebvre.com\/wp-content\/uploads\/2026\/01\/890f7294-4956-4ae4-be6e-b257435ab727-1-768x768.jpg 768w, https:\/\/aurelielefebvre.com\/wp-content\/uploads\/2026\/01\/890f7294-4956-4ae4-be6e-b257435ab727-1-1260x1260.jpg 1260w, https:\/\/aurelielefebvre.com\/wp-content\/uploads\/2026\/01\/890f7294-4956-4ae4-be6e-b257435ab727-1-140x140.jpg 140w\" sizes=\"(max-width: 1536px) 100vw, 1536px\" \/><\/figure><\/div>\n\n\n<p><\/p>\n\n\n\n<p><em><strong><u>*Conditions g\u00e9n\u00e9rales :<\/u><\/strong><\/em><\/p>\n\n\n\n<p>\u2022 \u00c0 domicile : un suppl\u00e9ment sera demand\u00e9.<\/p>\n\n\n\n<p>\u2022 Ateliers :Un acompte de 60 \u20ac est demand\u00e9 pour confirmer votre r\u00e9servation.<\/p>\n\n\n\n<p>\u2022 Pour chaque atelier r\u00e9serv\u00e9, un bon cadeau de 10 \u20ac vous sera offert lors de votre pr\u00e9sence le jour J (valable 3 mois).<\/p>\n\n\n\n<p>\u2022 En cas d\u2019annulation moins de 48h avant l\u2019atelier, 15 \u20ac seront conserv\u00e9s par personne annul\u00e9e.<\/p>\n\n\n\n<p>\u2022 S\u00e9ances individuelles : En cas d\u2019annulation moins de 48h avant le rendez-vous, un montant de 15 \u20ac sera d\u00e9compt\u00e9.<\/p>\n","protected":false},"excerpt":{"rendered":"<p>Contact direct : \ud83d\udcde Gsm : 0484605217 \ud83d\udce7 Mail : conseil.lilie@gmail.com Horaires &amp; lieu : \ud83d\udd52 Sur rendez-vous, en pr\u00e9sentiel ou en visuel selon vos besoins \ud83c\udfe1 Adresse : 5020 Vedrin &#8211; 5100 Nannine (Belgique), ou \u00e0 domicile Vous voulez me suivre ? Rendez-vous pour le conseil en image, beaut\u00e9 et naturopathie sur ma page&hellip; <\/p>\n<p class=\"toivo-read-more\"><a href=\"https:\/\/aurelielefebvre.com\/index.php\/contact\/\" class=\"more-link\">Lire la suite <span class=\"screen-reader-text\">Contact<\/span><\/a><\/p>\n","protected":false},"author":1,"featured_media":0,"parent":0,"menu_order":9,"comment_status":"closed","ping_status":"closed","template":"","meta":{"footnotes":""},"_links":{"self":[{"href":"https:\/\/aurelielefebvre.com\/index.php\/wp-json\/wp\/v2\/pages\/174"}],"collection":[{"href":"https:\/\/aurelielefebvre.com\/index.php\/wp-json\/wp\/v2\/pages"}],"about":[{"href":"https:\/\/aurelielefebvre.com\/index.php\/wp-json\/wp\/v2\/types\/page"}],"author":[{"embeddable":true,"href":"https:\/\/aurelielefebvre.com\/index.php\/wp-json\/wp\/v2\/users\/1"}],"replies":[{"embeddable":true,"href":"https:\/\/aurelielefebvre.com\/index.php\/wp-json\/wp\/v2\/comments?post=174"}],"version-history":[{"count":30,"href":"https:\/\/aurelielefebvre.com\/index.php\/wp-json\/wp\/v2\/pages\/174\/revisions"}],"predecessor-version":[{"id":744,"href":"https:\/\/aurelielefebvre.com\/index.php\/wp-json\/wp\/v2\/pages\/174\/revisions\/744"}],"wp:attachment":[{"href":"https:\/\/aurelielefebvre.com\/index.php\/wp-json\/wp\/v2\/media?parent=174"}],"curies":[{"name":"wp","href":"https:\/\/api.w.org\/{rel}","templated":true}]}}